{"id":253,"date":"2024-11-07T09:46:38","date_gmt":"2024-11-07T14:46:38","guid":{"rendered":"https:\/\/restaurantszibo.xyz\/restaurant-brossard\/"},"modified":"2025-04-30T13:05:26","modified_gmt":"2025-04-30T17:05:26","slug":"restaurant-brossard","status":"publish","type":"page","link":"https:\/\/restaurantszibo.com\/en\/restaurant-brossard\/","title":{"rendered":"Brossard"},"content":{"rendered":"","protected":false},"excerpt":{"rendered":"","protected":false},"author":7,"featured_media":194,"parent":0,"menu_order":0,"comment_status":"closed","ping_status":"closed","template":"template-parts\/restaurant.php","meta":{"_acf_changed":false,"footnotes":""},"class_list":["post-253","page","type-page","status-publish","has-post-thumbnail","hentry"],"acf":[],"yoast_head":"<!-- This site is optimized with the Yoast SEO plugin v27.2 - https:\/\/yoast.com\/product\/yoast-seo-wordpress\/ -->\n<title>Brossard - Restaurant ZIBO<\/title>\n<meta name=\"description\" content=\"ZIBO! Brossard se classe parmi les meilleurs restos bars o\u00f9 sortir soit pour un d\u00eener d&#039;affaires, une sortie de couple, une soir\u00e9e de filles, un party de groupe ou un 5 \u00e0 7 au bar ou sur la terrasse.\" \/>\n<meta name=\"robots\" content=\"index, follow, max-snippet:-1, max-image-preview:large, max-video-preview:-1\" \/>\n<link rel=\"canonical\" href=\"https:\/\/restaurantszibo.com\/en\/restaurant-brossard\/\" \/>\n<meta property=\"og:locale\" content=\"en_US\" \/>\n<meta property=\"og:type\" content=\"article\" \/>\n<meta property=\"og:title\" content=\"Brossard - Restaurant ZIBO\" \/>\n<meta property=\"og:description\" content=\"ZIBO! Brossard se classe parmi les meilleurs restos bars o\u00f9 sortir soit pour un d\u00eener d&#039;affaires, une sortie de couple, une soir\u00e9e de filles, un party de groupe ou un 5 \u00e0 7 au bar ou sur la terrasse.\" \/>\n<meta property=\"og:url\" content=\"https:\/\/restaurantszibo.com\/en\/restaurant-brossard\/\" \/>\n<meta property=\"og:site_name\" content=\"Restaurant ZIBO\" \/>\n<meta property=\"article:modified_time\" content=\"2025-04-30T17:05:26+00:00\" \/>\n<meta property=\"og:image\" content=\"https:\/\/restaurantszibo.com\/wp-content\/uploads\/2024\/11\/BANNIERE_ZIBO-BROSSARD-min-scaled-1.jpg\" \/>\n\t<meta property=\"og:image:width\" content=\"2560\" \/>\n\t<meta property=\"og:image:height\" content=\"1440\" \/>\n\t<meta property=\"og:image:type\" content=\"image\/jpeg\" \/>\n<meta name=\"twitter:card\" content=\"summary_large_image\" \/>\n<meta name=\"twitter:label1\" content=\"Est. reading time\" \/>\n\t<meta name=\"twitter:data1\" content=\"1 minute\" \/>\n<script type=\"application\/ld+json\" class=\"yoast-schema-graph\">{\"@context\":\"https:\/\/schema.org\",\"@graph\":[{\"@type\":\"WebPage\",\"@id\":\"https:\/\/restaurantszibo.com\/en\/restaurant-brossard\/\",\"url\":\"https:\/\/restaurantszibo.com\/en\/restaurant-brossard\/\",\"name\":\"Brossard - Restaurant ZIBO\",\"isPartOf\":{\"@id\":\"https:\/\/restaurantszibo.com\/en\/#website\"},\"primaryImageOfPage\":{\"@id\":\"https:\/\/restaurantszibo.com\/en\/restaurant-brossard\/#primaryimage\"},\"image\":{\"@id\":\"https:\/\/restaurantszibo.com\/en\/restaurant-brossard\/#primaryimage\"},\"thumbnailUrl\":\"https:\/\/restaurantszibo.com\/wp-content\/uploads\/2024\/11\/BANNIERE_ZIBO-BROSSARD-min-scaled-1.jpg\",\"datePublished\":\"2024-11-07T14:46:38+00:00\",\"dateModified\":\"2025-04-30T17:05:26+00:00\",\"description\":\"ZIBO! Brossard se classe parmi les meilleurs restos bars o\u00f9 sortir soit pour un d\u00eener d'affaires, une sortie de couple, une soir\u00e9e de filles, un party de groupe ou un 5 \u00e0 7 au bar ou sur la terrasse.\",\"breadcrumb\":{\"@id\":\"https:\/\/restaurantszibo.com\/en\/restaurant-brossard\/#breadcrumb\"},\"inLanguage\":\"en-US\",\"potentialAction\":[{\"@type\":\"ReadAction\",\"target\":[\"https:\/\/restaurantszibo.com\/en\/restaurant-brossard\/\"]}]},{\"@type\":\"ImageObject\",\"inLanguage\":\"en-US\",\"@id\":\"https:\/\/restaurantszibo.com\/en\/restaurant-brossard\/#primaryimage\",\"url\":\"https:\/\/restaurantszibo.com\/wp-content\/uploads\/2024\/11\/BANNIERE_ZIBO-BROSSARD-min-scaled-1.jpg\",\"contentUrl\":\"https:\/\/restaurantszibo.com\/wp-content\/uploads\/2024\/11\/BANNIERE_ZIBO-BROSSARD-min-scaled-1.jpg\",\"width\":2560,\"height\":1440},{\"@type\":\"BreadcrumbList\",\"@id\":\"https:\/\/restaurantszibo.com\/en\/restaurant-brossard\/#breadcrumb\",\"itemListElement\":[{\"@type\":\"ListItem\",\"position\":1,\"name\":\"Home\",\"item\":\"https:\/\/restaurantszibo.com\/en\/\"},{\"@type\":\"ListItem\",\"position\":2,\"name\":\"Brossard\"}]},{\"@type\":\"WebSite\",\"@id\":\"https:\/\/restaurantszibo.com\/en\/#website\",\"url\":\"https:\/\/restaurantszibo.com\/en\/\",\"name\":\"Restaurant ZIBO\",\"description\":\"\",\"potentialAction\":[{\"@type\":\"SearchAction\",\"target\":{\"@type\":\"EntryPoint\",\"urlTemplate\":\"https:\/\/restaurantszibo.com\/en\/?s={search_term_string}\"},\"query-input\":{\"@type\":\"PropertyValueSpecification\",\"valueRequired\":true,\"valueName\":\"search_term_string\"}}],\"inLanguage\":\"en-US\"}]}<\/script>\n<!-- \/ Yoast SEO plugin. -->","yoast_head_json":{"title":"Brossard - Restaurant ZIBO","description":"ZIBO! Brossard se classe parmi les meilleurs restos bars o\u00f9 sortir soit pour un d\u00eener d'affaires, une sortie de couple, une soir\u00e9e de filles, un party de groupe ou un 5 \u00e0 7 au bar ou sur la terrasse.","robots":{"index":"index","follow":"follow","max-snippet":"max-snippet:-1","max-image-preview":"max-image-preview:large","max-video-preview":"max-video-preview:-1"},"canonical":"https:\/\/restaurantszibo.com\/en\/restaurant-brossard\/","og_locale":"en_US","og_type":"article","og_title":"Brossard - Restaurant ZIBO","og_description":"ZIBO! Brossard se classe parmi les meilleurs restos bars o\u00f9 sortir soit pour un d\u00eener d'affaires, une sortie de couple, une soir\u00e9e de filles, un party de groupe ou un 5 \u00e0 7 au bar ou sur la terrasse.","og_url":"https:\/\/restaurantszibo.com\/en\/restaurant-brossard\/","og_site_name":"Restaurant ZIBO","article_modified_time":"2025-04-30T17:05:26+00:00","og_image":[{"width":2560,"height":1440,"url":"https:\/\/restaurantszibo.com\/wp-content\/uploads\/2024\/11\/BANNIERE_ZIBO-BROSSARD-min-scaled-1.jpg","type":"image\/jpeg"}],"twitter_card":"summary_large_image","twitter_misc":{"Est. reading time":"1 minute"},"schema":{"@context":"https:\/\/schema.org","@graph":[{"@type":"WebPage","@id":"https:\/\/restaurantszibo.com\/en\/restaurant-brossard\/","url":"https:\/\/restaurantszibo.com\/en\/restaurant-brossard\/","name":"Brossard - Restaurant ZIBO","isPartOf":{"@id":"https:\/\/restaurantszibo.com\/en\/#website"},"primaryImageOfPage":{"@id":"https:\/\/restaurantszibo.com\/en\/restaurant-brossard\/#primaryimage"},"image":{"@id":"https:\/\/restaurantszibo.com\/en\/restaurant-brossard\/#primaryimage"},"thumbnailUrl":"https:\/\/restaurantszibo.com\/wp-content\/uploads\/2024\/11\/BANNIERE_ZIBO-BROSSARD-min-scaled-1.jpg","datePublished":"2024-11-07T14:46:38+00:00","dateModified":"2025-04-30T17:05:26+00:00","description":"ZIBO! Brossard se classe parmi les meilleurs restos bars o\u00f9 sortir soit pour un d\u00eener d'affaires, une sortie de couple, une soir\u00e9e de filles, un party de groupe ou un 5 \u00e0 7 au bar ou sur la terrasse.","breadcrumb":{"@id":"https:\/\/restaurantszibo.com\/en\/restaurant-brossard\/#breadcrumb"},"inLanguage":"en-US","potentialAction":[{"@type":"ReadAction","target":["https:\/\/restaurantszibo.com\/en\/restaurant-brossard\/"]}]},{"@type":"ImageObject","inLanguage":"en-US","@id":"https:\/\/restaurantszibo.com\/en\/restaurant-brossard\/#primaryimage","url":"https:\/\/restaurantszibo.com\/wp-content\/uploads\/2024\/11\/BANNIERE_ZIBO-BROSSARD-min-scaled-1.jpg","contentUrl":"https:\/\/restaurantszibo.com\/wp-content\/uploads\/2024\/11\/BANNIERE_ZIBO-BROSSARD-min-scaled-1.jpg","width":2560,"height":1440},{"@type":"BreadcrumbList","@id":"https:\/\/restaurantszibo.com\/en\/restaurant-brossard\/#breadcrumb","itemListElement":[{"@type":"ListItem","position":1,"name":"Home","item":"https:\/\/restaurantszibo.com\/en\/"},{"@type":"ListItem","position":2,"name":"Brossard"}]},{"@type":"WebSite","@id":"https:\/\/restaurantszibo.com\/en\/#website","url":"https:\/\/restaurantszibo.com\/en\/","name":"Restaurant ZIBO","description":"","potentialAction":[{"@type":"SearchAction","target":{"@type":"EntryPoint","urlTemplate":"https:\/\/restaurantszibo.com\/en\/?s={search_term_string}"},"query-input":{"@type":"PropertyValueSpecification","valueRequired":true,"valueName":"search_term_string"}}],"inLanguage":"en-US"}]}},"_links":{"self":[{"href":"https:\/\/restaurantszibo.com\/en\/wp-json\/wp\/v2\/pages\/253","targetHints":{"allow":["GET"]}}],"collection":[{"href":"https:\/\/restaurantszibo.com\/en\/wp-json\/wp\/v2\/pages"}],"about":[{"href":"https:\/\/restaurantszibo.com\/en\/wp-json\/wp\/v2\/types\/page"}],"author":[{"embeddable":true,"href":"https:\/\/restaurantszibo.com\/en\/wp-json\/wp\/v2\/users\/7"}],"replies":[{"embeddable":true,"href":"https:\/\/restaurantszibo.com\/en\/wp-json\/wp\/v2\/comments?post=253"}],"version-history":[{"count":0,"href":"https:\/\/restaurantszibo.com\/en\/wp-json\/wp\/v2\/pages\/253\/revisions"}],"wp:featuredmedia":[{"embeddable":true,"href":"https:\/\/restaurantszibo.com\/en\/wp-json\/wp\/v2\/media\/194"}],"wp:attachment":[{"href":"https:\/\/restaurantszibo.com\/en\/wp-json\/wp\/v2\/media?parent=253"}],"curies":[{"name":"wp","href":"https:\/\/api.w.org\/{rel}","templated":true}]}}